{"id":7188,"date":"2023-06-01T20:54:04","date_gmt":"2023-06-01T18:54:04","guid":{"rendered":"https:\/\/outistore.online\/?post_type=product&#038;p=7188"},"modified":"2023-06-01T20:57:19","modified_gmt":"2023-06-01T18:57:19","slug":"yyyy-copie","status":"publish","type":"product","link":"https:\/\/outistore.pro\/?product=yyyy-copie","title":{"rendered":"yyyy (Copie)"},"content":{"rendered":"<section class=\"wpb-content-wrapper\"><p>[vc_row css=&#8221;.vc_custom_1649854670297{margin-bottom: 60px !important;}&#8221; woodmart_css_id=&#8221;6256c8c7625ae&#8221; responsive_spacing=&#8221;eyJwYXJhbV90eXBlIjoid29vZG1hcnRfcmVzcG9uc2l2ZV9zcGFjaW5nIiwic2VsZWN0b3JfaWQiOiI2MjU2YzhjNzYyNWFlIiwic2hvcnRjb2RlIjoidmNfcm93IiwiZGF0YSI6eyJ0YWJsZXQiOnsibWFyZ2luLWJvdHRvbSI6IjQwIn0sIm1vYmlsZSI6e319fQ==&#8221; mobile_bg_img_hidden=&#8221;no&#8221; tablet_bg_img_hidden=&#8221;no&#8221; woodmart_parallax=&#8221;0&#8243; woodmart_gradient_switch=&#8221;no&#8221; woodmart_box_shadow=&#8221;no&#8221; wd_z_index=&#8221;no&#8221; woodmart_disable_overflow=&#8221;0&#8243; row_reverse_mobile=&#8221;0&#8243; row_reverse_tablet=&#8221;0&#8243;][vc_column offset=&#8221;vc_col-lg-7&#8243; woodmart_css_id=&#8221;6256cc497581a&#8221; parallax_scroll=&#8221;no&#8221; woodmart_sticky_column=&#8221;false&#8221; wd_collapsible_content_switcher=&#8221;no&#8221; wd_column_role_offcanvas_desktop=&#8221;no&#8221; wd_column_role_offcanvas_tablet=&#8221;no&#8221; wd_column_role_offcanvas_tablet_landscape=&#8221;no&#8221; wd_column_role_offcanvas_mobile=&#8221;no&#8221; wd_column_role_content_desktop=&#8221;no&#8221; wd_column_role_content_tablet=&#8221;no&#8221; wd_column_role_content_tablet_landscape=&#8221;no&#8221; wd_column_role_content_mobile=&#8221;no&#8221; mobile_bg_img_hidden=&#8221;no&#8221; tablet_bg_img_hidden=&#8221;no&#8221; woodmart_parallax=&#8221;0&#8243; woodmart_box_shadow=&#8221;no&#8221; responsive_spacing=&#8221;eyJwYXJhbV90eXBlIjoid29vZG1hcnRfcmVzcG9uc2l2ZV9zcGFjaW5nIiwic2VsZWN0b3JfaWQiOiI2MjU2Y2M0OTc1ODFhIiwic2hvcnRjb2RlIjoidmNfY29sdW1uIiwiZGF0YSI6eyJ0YWJsZXQiOnsibWFyZ2luLWJvdHRvbSI6IjIwcHgifSwibW9iaWxlIjp7fX19&#8243; mobile_reset_margin=&#8221;no&#8221; tablet_reset_margin=&#8221;no&#8221; wd_z_index=&#8221;no&#8221;]\t\t\t<link rel=\"stylesheet\" id=\"wd-text-block-css\" href=\"https:\/\/outistore.pro\/wp-content\/themes\/woodmart\/css\/parts\/el-text-block.min.css?ver=7.0.4\" type=\"text\/css\" media=\"all\" \/> \t\t\t\t\t<div id=\"wd-6424c284509e3\" class=\"wd-text-block wd-wpb reset-last-child wd-rs-6424c284509e3 text-left vc_custom_1680130727342\">\n\t\t\t<h2 class=\"section-title\">DESCRIPTION<\/h2>\n<p><strong>Masque jetable antipoussi\u00e8re 3M FFP2\u00a0<\/strong>de la gamme classique.<br \/>\nIl est compos\u00e9 :<br \/>\n&#8211; d&#8217;une barrette nasale<br \/>\n&#8211; d&#8217;une coquille interne qui r\u00e9siste \u00e0 l&#8217;\u00e9crasement<br \/>\n&#8211; de 2 brides \u00e9lastiques<br \/>\n<strong>Ce masque jetable antipoussi\u00e8re FFP2 de chez 3M\u00a0<\/strong>existe avec ou sans soupape et en version FFP1<\/p>\n\t\t<\/div>\n\t\t[\/vc_column][vc_column offset=&#8221;vc_col-lg-5&#8243; woodmart_css_id=&#8221;6256c8737ea02&#8243; parallax_scroll=&#8221;no&#8221; woodmart_sticky_column=&#8221;false&#8221; wd_collapsible_content_switcher=&#8221;no&#8221; wd_column_role_offcanvas_desktop=&#8221;no&#8221; wd_column_role_offcanvas_tablet=&#8221;no&#8221; wd_column_role_offcanvas_tablet_landscape=&#8221;no&#8221; wd_column_role_offcanvas_mobile=&#8221;no&#8221; wd_column_role_content_desktop=&#8221;no&#8221; wd_column_role_content_tablet=&#8221;no&#8221; wd_column_role_content_tablet_landscape=&#8221;no&#8221; wd_column_role_content_mobile=&#8221;no&#8221; mobile_bg_img_hidden=&#8221;no&#8221; tablet_bg_img_hidden=&#8221;no&#8221; woodmart_parallax=&#8221;0&#8243; woodmart_box_shadow=&#8221;no&#8221; responsive_spacing=&#8221;eyJwYXJhbV90eXBlIjoid29vZG1hcnRfcmVzcG9uc2l2ZV9zcGFjaW5nIiwic2VsZWN0b3JfaWQiOiI2MjU2Yzg3MzdlYTAyIiwic2hvcnRjb2RlIjoidmNfY29sdW1uIiwiZGF0YSI6eyJ0YWJsZXQiOnt9LCJtb2JpbGUiOnt9fX0=&#8221; mobile_reset_margin=&#8221;no&#8221; tablet_reset_margin=&#8221;no&#8221; wd_z_index=&#8221;no&#8221;]\t\t<div id=\"wd-6424c2ad2f2c5\" class=\"wd-text-block wd-wpb reset-last-child wd-rs-6424c2ad2f2c5 text-left vc_custom_1680130759391\">\n\t\t\t<h2 class=\"section-title\">CARACT\u00c9RISTIQUES<\/h2>\n<table>\n<tbody>\n<tr>\n<td class=\"attribut\">Type de masque<\/td>\n<td class=\"value\">Jetable<\/td>\n<\/tr>\n<tr>\n<td class=\"attribut\">Applications<\/td>\n<td class=\"value\">Tous secteurs<\/td>\n<\/tr>\n<tr>\n<td class=\"attribut\">Classe de protection<\/td>\n<td class=\"value\">FFP2 NR D<\/td>\n<\/tr>\n<tr>\n<td class=\"attribut\">Taille<\/td>\n<td class=\"value\">Universelle<\/td>\n<\/tr>\n<tr>\n<td class=\"attribut\">Mati\u00e8re<\/td>\n<td class=\"value\">Polypropyl\u00e8ne<\/td>\n<\/tr>\n<tr>\n<td class=\"attribut\">EN 149<\/td>\n<td class=\"value\">EN 149:2001+A1:2009<\/td>\n<\/tr>\n<\/tbody>\n<\/table>\n\t\t<\/div>\n\t\t[\/vc_column][\/vc_row]<\/p>\n<\/section>","protected":false},"excerpt":{"rendered":"<p>[vc_row css=&#8221;.vc_custom_1649854670297{margin-bottom: 60px !important;}&#8221; woodmart_css_id=&#8221;6256c8c7625ae&#8221; responsive_spacing=&#8221;eyJwYXJhbV90eXBlIjoid29vZG1hcnRfcmVzcG9uc2l2ZV9zcGFjaW5nIiwic2VsZWN0b3JfaWQiOiI2MjU2YzhjNzYyNWFlIiwic2hvcnRjb2RlIjoidmNfcm93IiwiZGF0YSI6eyJ0YWJsZXQiOnsibWFyZ2luLWJvdHRvbSI6IjQwIn0sIm1vYmlsZSI6e319fQ==&#8221; mobile_bg_img_hidden=&#8221;no&#8221; tablet_bg_img_hidden=&#8221;no&#8221; woodmart_parallax=&#8221;0&#8243; woodmart_gradient_switch=&#8221;no&#8221; woodmart_box_shadow=&#8221;no&#8221; wd_z_index=&#8221;no&#8221; woodmart_disable_overflow=&#8221;0&#8243; row_reverse_mobile=&#8221;0&#8243; row_reverse_tablet=&#8221;0&#8243;][vc_column offset=&#8221;vc_col-lg-7&#8243; woodmart_css_id=&#8221;6256cc497581a&#8221; parallax_scroll=&#8221;no&#8221; woodmart_sticky_column=&#8221;false&#8221; wd_collapsible_content_switcher=&#8221;no&#8221;<\/p>\n","protected":false},"featured_media":7182,"comment_status":"open","ping_status":"closed","template":"","meta":{"om_disable_all_campaigns":false},"product_cat":[363,364],"product_tag":[],"aioseo_notices":[],"_links":{"self":[{"href":"https:\/\/outistore.pro\/index.php?rest_route=\/wp\/v2\/product\/7188"}],"collection":[{"href":"https:\/\/outistore.pro\/index.php?rest_route=\/wp\/v2\/product"}],"about":[{"href":"https:\/\/outistore.pro\/index.php?rest_route=\/wp\/v2\/types\/product"}],"replies":[{"embeddable":true,"href":"https:\/\/outistore.pro\/index.php?rest_route=%2Fwp%2Fv2%2Fcomments&post=7188"}],"wp:featuredmedia":[{"embeddable":true,"href":"https:\/\/outistore.pro\/index.php?rest_route=\/wp\/v2\/media\/7182"}],"wp:attachment":[{"href":"https:\/\/outistore.pro\/index.php?rest_route=%2Fwp%2Fv2%2Fmedia&parent=7188"}],"wp:term":[{"taxonomy":"product_cat","embeddable":true,"href":"https:\/\/outistore.pro\/index.php?rest_route=%2Fwp%2Fv2%2Fproduct_cat&post=7188"},{"taxonomy":"product_tag","embeddable":true,"href":"https:\/\/outistore.pro\/index.php?rest_route=%2Fwp%2Fv2%2Fproduct_tag&post=7188"}],"curies":[{"name":"wp","href":"https:\/\/api.w.org\/{rel}","templated":true}]}}